{"id":1707,"date":"2023-11-17T15:28:53","date_gmt":"2023-11-17T08:28:53","guid":{"rendered":"https:\/\/legoitienle.soltourist.com\/?page_id=1707"},"modified":"2023-11-23T05:31:57","modified_gmt":"2023-11-22T22:31:57","slug":"dich-vu","status":"publish","type":"page","link":"https:\/\/congtyle.net\/en\/dich-vu","title":{"rendered":"Services"},"content":{"rendered":"\n  <div class=\"banner has-hover\" id=\"banner-830534332\">\n          <div class=\"banner-inner fill\">\n        <div class=\"banner-bg fill\" >\n            <div class=\"bg fill bg-fill \"><\/div>\n                                    \n                    <\/div>\n        <div class=\"banner-layers container\">\n            <div class=\"fill banner-link\"><\/div>            \n   <div id=\"text-box-1779304067\" class=\"text-box banner-layer x50 md-x50 lg-x50 y50 md-y50 lg-y50 res-text\">\n                     <div data-animate=\"fadeInUp\">           <div class=\"text-box-content text dark\">\n              \n              <div class=\"text-inner text-center\">\n                  \n              <\/div>\n           <\/div>\n       <\/div>                     \n<style>\n#text-box-1779304067 {\n  width: 60%;\n}\n#text-box-1779304067 .text-box-content {\n  font-size: 100%;\n}\n<\/style>\n    <\/div>\n \n        <\/div>\n      <\/div>\n\n            \n<style>\n#banner-830534332 {\n  padding-top: 600px;\n}\n#banner-830534332 .bg.bg-loaded {\n  background-image: url(https:\/\/congtyle.net\/en\/wp-content\/uploads\/2023\/11\/Ba\u0309n-sao-cu\u0309a-Le-Goi-Tien-Le1.png);\n}\n<\/style>\n  <\/div>\n\n\n\t<section class=\"section\" id=\"section_1397378057\">\n\t\t<div class=\"bg section-bg fill bg-fill  \" >\n\n\t\t\t\n\t\t\t\n\t\t\t\n\n\t\t<\/div>\n\n\t\t<div class=\"section-content relative\">\n\t\t\t\n<div class=\"row align-middle\"  id=\"row-596254957\">\n\n\t<div id=\"col-823202678\" class=\"col medium-6 small-12 large-6\"  >\n\t\t\t\t<div class=\"col-inner\"  >\n\t\t\t\n\t\t\t\n<h2 class=\"uppercase\" style=\"color: #00844a;\"><strong>CARGO SERVICE<\/strong><\/h2>\n<p>In today&#8217;s digital age, sending money back home requires not only speed but also safety and convenience. Understanding these needs, Le Goi Tien Le offers a professional money transfer service that meets all customer requirements.<br \/>\n<a href=\"\/dich-vu-gui-tien\" target=\"_self\" class=\"button primary\"  style=\"border-radius:10px;\">\n    <span>MORE DETAILS<\/span>\n  <\/a>\n\n\t\t<\/div>\n\t\t\t\t\t<\/div>\n\n\t\n\n\t<div id=\"col-914890488\" class=\"col medium-6 small-12 large-6\"  data-animate=\"fadeInUp\">\n\t\t\t\t<div class=\"col-inner\"  >\n\t\t\t\n\t\t\t\n\t<div class=\"img has-hover x md-x lg-x y md-y lg-y\" id=\"image_1922421196\">\n\t\t\t\t\t\t<div data-animate=\"fadeInRight\">\t\t<div class=\"img-inner dark\" >\n\t\t\t<img loading=\"lazy\" decoding=\"async\" width=\"1500\" height=\"994\" src=\"https:\/\/congtyle.net\/en\/wp-content\/uploads\/2023\/11\/person-giving-money-hand.jpg\" class=\"attachment-original size-original\" alt=\"\" srcset=\"https:\/\/congtyle.net\/en\/wp-content\/uploads\/2023\/11\/person-giving-money-hand.jpg 1500w, https:\/\/congtyle.net\/en\/wp-content\/uploads\/2023\/11\/person-giving-money-hand-600x398.jpg 600w\" sizes=\"(max-width: 1500px) 100vw, 1500px\" \/>\t\t\t\t\t\t\n\t\t\t\t\t<\/div>\n\t\t<\/div>\t\t\t\t\t\t\n<style>\n#image_1922421196 {\n  width: 100%;\n}\n<\/style>\n\t<\/div>\n\t\n\t\t<\/div>\n\t\t\t\t\t<\/div>\n\n\t\n<\/div>\n<div class=\"row align-middle\"  id=\"row-1591466257\">\n\n\t<div id=\"col-1255881499\" class=\"col hide-for-small medium-6 small-12 large-6\"  data-animate=\"fadeInUp\">\n\t\t\t\t<div class=\"col-inner\"  >\n\t\t\t\n\t\t\t\n\t<div class=\"img has-hover x md-x lg-x y md-y lg-y\" id=\"image_412328462\">\n\t\t\t\t\t\t<div data-animate=\"fadeInLeft\">\t\t<div class=\"img-inner dark\" >\n\t\t\t<img loading=\"lazy\" decoding=\"async\" width=\"2250\" height=\"2250\" src=\"https:\/\/congtyle.net\/en\/wp-content\/uploads\/2023\/11\/Copy-of-Lashes4.png\" class=\"attachment-original size-original\" alt=\"\" srcset=\"https:\/\/congtyle.net\/en\/wp-content\/uploads\/2023\/11\/Copy-of-Lashes4.png 2250w, https:\/\/congtyle.net\/en\/wp-content\/uploads\/2023\/11\/Copy-of-Lashes4-300x300.png 300w, https:\/\/congtyle.net\/en\/wp-content\/uploads\/2023\/11\/Copy-of-Lashes4-600x600.png 600w, https:\/\/congtyle.net\/en\/wp-content\/uploads\/2023\/11\/Copy-of-Lashes4-100x100.png 100w\" sizes=\"(max-width: 2250px) 100vw, 2250px\" \/>\t\t\t\t\t\t\n\t\t\t\t\t<\/div>\n\t\t<\/div>\t\t\t\t\t\t\n<style>\n#image_412328462 {\n  width: 100%;\n}\n<\/style>\n\t<\/div>\n\t\n\t\t<\/div>\n\t\t\t\t\t<\/div>\n\n\t\n\n\t<div id=\"col-1544250655\" class=\"col medium-6 small-12 large-6\"  >\n\t\t\t\t<div class=\"col-inner\"  >\n\t\t\t\n\t\t\t\n<h2 class=\"uppercase\" style=\"color: #00844a;\"><strong>CARGO SERVICE<\/strong><\/h2>\n<p>In the realm of gifting, it&#8217;s not just the item but the emotion and intention behind it that truly matters. Recognizing this, Le Goi Qua presents a unique Cargo Service that goes beyond mere delivery.<br \/>\n<a href=\"\/dich-vu-gui-qua\" target=\"_self\" class=\"button primary\"  style=\"border-radius:10px;\">\n    <span>MORE DETAILS<\/span>\n  <\/a>\n\n\t\t<\/div>\n\t\t\t\t\t<\/div>\n\n\t\n\n\t<div id=\"col-987865903\" class=\"col show-for-small medium-6 small-12 large-6\"  data-animate=\"fadeInUp\">\n\t\t\t\t<div class=\"col-inner\"  >\n\t\t\t\n\t\t\t\n\t<div class=\"img has-hover x md-x lg-x y md-y lg-y\" id=\"image_1263920465\">\n\t\t\t\t\t\t\t\t<div class=\"img-inner dark\" >\n\t\t\t<img loading=\"lazy\" decoding=\"async\" width=\"2000\" height=\"2000\" src=\"https:\/\/congtyle.net\/en\/wp-content\/uploads\/2023\/11\/19962534_6160010.jpg\" class=\"attachment-original size-original\" alt=\"\" srcset=\"https:\/\/congtyle.net\/en\/wp-content\/uploads\/2023\/11\/19962534_6160010.jpg 2000w, https:\/\/congtyle.net\/en\/wp-content\/uploads\/2023\/11\/19962534_6160010-300x300.jpg 300w, https:\/\/congtyle.net\/en\/wp-content\/uploads\/2023\/11\/19962534_6160010-600x600.jpg 600w, https:\/\/congtyle.net\/en\/wp-content\/uploads\/2023\/11\/19962534_6160010-100x100.jpg 100w\" sizes=\"(max-width: 2000px) 100vw, 2000px\" \/>\t\t\t\t\t\t\n\t\t\t\t\t<\/div>\n\t\t\t\t\t\t\t\t\n<style>\n#image_1263920465 {\n  width: 100%;\n}\n<\/style>\n\t<\/div>\n\t\n\t\t<\/div>\n\t\t\t\t\t<\/div>\n\n\t\n<\/div>\n<div class=\"row align-middle\"  id=\"row-1151591314\">\n\n\t<div id=\"col-149665002\" class=\"col medium-6 small-12 large-6\"  >\n\t\t\t\t<div class=\"col-inner\"  >\n\t\t\t\n\t\t\t\n<h2 class=\"uppercase\" style=\"color: #00844a;\">d\u1ecbch v\u1ee5 v\u00e9 m\u00e1y bay &amp; visa<\/h2>\n<p>Vi\u1ec7c kh\u1edfi h\u00e0nh t\u1eeb Hoa K\u1ef3 v\u1ec1 Vi\u1ec7t Nam gi\u1edd \u0111\u00e2y tr\u1edf n\u00ean thu\u1eadn l\u1ee3i v\u00e0 kh\u00f4ng c\u00f2n phi\u1ec1n ph\u1ee9c v\u1edbi d\u1ecbch v\u1ee5 b\u00e1n v\u00e9 m\u00e1y bay v\u00e0 l\u00e0m visa c\u1ee7a Le Travel. Hi\u1ec3u r\u00f5 nh\u1eefng ph\u1ee9c t\u1ea1p v\u00e0 th\u00e1ch th\u1ee9c c\u1ee7a vi\u1ec7c \u0111i l\u1ea1i qu\u1ed1c t\u1ebf, d\u1ecbch v\u1ee5 c\u1ee7a ch\u00fang t\u00f4i \u0111\u01b0\u1ee3c thi\u1ebft k\u1ebf t\u1ec9 m\u1ec9 nh\u1eb1m gi\u1ea3m b\u1edbt nh\u1eefng kh\u00f3 kh\u0103n n\u00e0y cho b\u1ea1n.<br \/>\n<a href=\"\/airline-tickets-visa\" target=\"_self\" class=\"button primary\"  style=\"border-radius:10px;\">\n    <span>MORE DETAILS<\/span>\n  <\/a>\n\n\t\t<\/div>\n\t\t\t\t\t<\/div>\n\n\t\n\n\t<div id=\"col-347256693\" class=\"col medium-6 small-12 large-6\"  data-animate=\"fadeInUp\">\n\t\t\t\t<div class=\"col-inner\"  >\n\t\t\t\n\t\t\t\n\t<div class=\"img has-hover x md-x lg-x y md-y lg-y\" id=\"image_1416265535\">\n\t\t\t\t\t\t<div data-animate=\"fadeInRight\">\t\t<div class=\"img-inner dark\" >\n\t\t\t<img loading=\"lazy\" decoding=\"async\" width=\"1800\" height=\"1800\" src=\"https:\/\/congtyle.net\/en\/wp-content\/uploads\/2023\/11\/Copy-of-Lashes1-1.png\" class=\"attachment-original size-original\" alt=\"\" srcset=\"https:\/\/congtyle.net\/en\/wp-content\/uploads\/2023\/11\/Copy-of-Lashes1-1.png 1800w, https:\/\/congtyle.net\/en\/wp-content\/uploads\/2023\/11\/Copy-of-Lashes1-1-300x300.png 300w, https:\/\/congtyle.net\/en\/wp-content\/uploads\/2023\/11\/Copy-of-Lashes1-1-600x600.png 600w, https:\/\/congtyle.net\/en\/wp-content\/uploads\/2023\/11\/Copy-of-Lashes1-1-100x100.png 100w\" sizes=\"(max-width: 1800px) 100vw, 1800px\" \/>\t\t\t\t\t\t\n\t\t\t\t\t<\/div>\n\t\t<\/div>\t\t\t\t\t\t\n<style>\n#image_1416265535 {\n  width: 100%;\n}\n<\/style>\n\t<\/div>\n\t\n\t\t<\/div>\n\t\t\t\t\t<\/div>\n\n\t\n<\/div>\n\t\t<\/div>\n\n\t\t\n<style>\n#section_1397378057 {\n  padding-top: 30px;\n  padding-bottom: 30px;\n  background-color: rgb(255,255,255);\n}\n#section_1397378057 .section-bg.bg-loaded {\n  background-image: url(https:\/\/congtyle.net\/en\/wp-content\/uploads\/2023\/11\/whitebg.png);\n}\n#section_1397378057 .section-bg {\n  background-position: 62% 68%;\n}\n<\/style>\n\t<\/section>\n\t\n","protected":false},"excerpt":{"rendered":"","protected":false},"author":2,"featured_media":0,"parent":0,"menu_order":0,"comment_status":"closed","ping_status":"closed","template":"page-blank.php","meta":{"inline_featured_image":false,"footnotes":""},"yst_prominent_words":[],"acf":[],"_links":{"self":[{"href":"https:\/\/congtyle.net\/en\/wp-json\/wp\/v2\/pages\/1707"}],"collection":[{"href":"https:\/\/congtyle.net\/en\/wp-json\/wp\/v2\/pages"}],"about":[{"href":"https:\/\/congtyle.net\/en\/wp-json\/wp\/v2\/types\/page"}],"author":[{"embeddable":true,"href":"https:\/\/congtyle.net\/en\/wp-json\/wp\/v2\/users\/2"}],"replies":[{"embeddable":true,"href":"https:\/\/congtyle.net\/en\/wp-json\/wp\/v2\/comments?post=1707"}],"version-history":[{"count":12,"href":"https:\/\/congtyle.net\/en\/wp-json\/wp\/v2\/pages\/1707\/revisions"}],"predecessor-version":[{"id":2082,"href":"https:\/\/congtyle.net\/en\/wp-json\/wp\/v2\/pages\/1707\/revisions\/2082"}],"wp:attachment":[{"href":"https:\/\/congtyle.net\/en\/wp-json\/wp\/v2\/media?parent=1707"}],"wp:term":[{"taxonomy":"yst_prominent_words","embeddable":true,"href":"https:\/\/congtyle.net\/en\/wp-json\/wp\/v2\/yst_prominent_words?post=1707"}],"curies":[{"name":"wp","href":"https:\/\/api.w.org\/{rel}","templated":true}]}}